{"id":1563,"date":"2022-05-09T21:38:08","date_gmt":"2022-05-09T21:38:08","guid":{"rendered":"https:\/\/webredox.net\/demo\/wp\/bauen\/light\/el\/multi\/demo1\/?page_id=1563"},"modified":"2023-01-25T17:02:51","modified_gmt":"2023-01-25T16:02:51","slug":"services-02","status":"publish","type":"page","link":"https:\/\/arohgroupe.com\/?page_id=1563","title":{"rendered":"NOS SECTEURS D&#8217;INTERVENTION"},"content":{"rendered":"\t\t<div data-elementor-type=\"wp-page\" data-elementor-id=\"1563\" class=\"elementor elementor-1563\">\n\t\t\t\t\t\t\t\t\t<section class=\"elementor-section elementor-top-section elementor-element elementor-element-5feb4c57 elementor-section-boxed elementor-section-height-default elementor-section-height-default\" data-id=\"5feb4c57\" data-element_type=\"section\">\n\t\t\t\t\t\t<div class=\"elementor-container elementor-column-gap-default\">\n\t\t\t\t\t<div class=\"elementor-column elementor-col-100 elementor-top-column elementor-element elementor-element-4d3b48a\" data-id=\"4d3b48a\" data-element_type=\"column\">\n\t\t\t<div class=\"elementor-widget-wrap elementor-element-populated\">\n\t\t\t\t\t\t\t\t<div class=\"elementor-section elementor-inner-section elementor-element elementor-element-e37c98e elementor-section-boxed elementor-section-height-default elementor-section-height-default\" data-id=\"e37c98e\" data-element_type=\"section\" data-settings=\"{&quot;background_background&quot;:&quot;slideshow&quot;,&quot;background_slideshow_gallery&quot;:[],&quot;background_slideshow_loop&quot;:&quot;yes&quot;,&quot;background_slideshow_slide_duration&quot;:5000,&quot;background_slideshow_slide_transition&quot;:&quot;fade&quot;,&quot;background_slideshow_transition_duration&quot;:500}\">\n\t\t\t\t\t\t\t<div class=\"elementor-background-overlay\"><\/div>\n\t\t\t\t\t\t\t<div class=\"elementor-container elementor-column-gap-default\">\n\t\t\t\t\t<div class=\"elementor-column elementor-col-100 elementor-inner-column elementor-element elementor-element-132776a\" data-id=\"132776a\" data-element_type=\"column\">\n\t\t\t<div class=\"elementor-widget-wrap elementor-element-populated\">\n\t\t\t\t\t\t\t\t<div class=\"elementor-element elementor-element-dbe09a5 elementor-widget elementor-widget-bauen-title\" data-id=\"dbe09a5\" data-element_type=\"widget\" data-widget_type=\"bauen-title.default\">\n\t\t\t\t<div class=\"elementor-widget-container\">\n\t\t\t\t\t\n\t\t\t\n\t\t\t\t\t\t<h2 class=\"section-title text-left\">UNE APPROCHE G\u00e9n\u00e9raliste<\/h2>\n\t\t\t\t\n\t\t\t\t\n        \n\t\t\t\n        \t\t<\/div>\n\t\t\t\t<\/div>\n\t\t\t\t<div class=\"elementor-element elementor-element-12930db elementor-widget elementor-widget-bauen-title\" data-id=\"12930db\" data-element_type=\"widget\" data-widget_type=\"bauen-title.default\">\n\t\t\t\t<div class=\"elementor-widget-container\">\n\t\t\t\t\t\n\t\t\t\n\t\t\t\t\t\t<h2 class=\"section-title text-left\">NOS 5 P\u00d4LES D'EXPERTISE<\/h2>\n\t\t\t\t\n\t\t\t\t\n        \n\t\t\t\n        \t\t<\/div>\n\t\t\t\t<\/div>\n\t\t\t\t\t<\/div>\n\t\t<\/div>\n\t\t\t\t\t\t\t<\/div>\n\t\t<\/div>\n\t\t\t\t<div class=\"elementor-section elementor-inner-section elementor-element elementor-element-630035fd elementor-section-boxed elementor-section-height-default elementor-section-height-default\" data-id=\"630035fd\" data-element_type=\"section\">\n\t\t\t\t\t\t<div class=\"elementor-container elementor-column-gap-default\">\n\t\t\t\t\t<div class=\"elementor-column elementor-col-33 elementor-inner-column elementor-element elementor-element-3f2344a7\" data-id=\"3f2344a7\" data-element_type=\"column\">\n\t\t\t<div class=\"elementor-widget-wrap elementor-element-populated\">\n\t\t\t\t\t\t\t\t<div class=\"elementor-element elementor-element-ff7f06e elementor-widget elementor-widget-bauen-hover-box\" data-id=\"ff7f06e\" data-element_type=\"widget\" data-widget_type=\"bauen-hover-box.default\">\n\t\t\t\t<div class=\"elementor-widget-container\">\n\t\t\t\n\t\t\t\t<div class=\"services2 mb-60\">\n            <div class=\"services2-img\"><img decoding=\"async\" src=\"http:\/\/arohgroupe.com\/wp-content\/uploads\/2022\/11\/123.jpeg\" alt=\"\" class=\"w-100\"><\/div>\n\t\t\t<div class=\"services2-content\">\n                <div class=\"icon\">\n\t\t\t\t\t\t\t\t\t<img decoding=\"async\" src=\"\" alt=\"\"> \n\t\t\t\t\t\n\t\t\t\t<\/div>\n\t\t\t\t                <h3 class=\"services2-title\">CONSTRUCTION<\/h3>\n\t\t\t\t\t\t\t\t\t\t\t\t\t <div class=\"services2-text\"><p>Promotion immobili\u00e8re, Maitrise d'Oeuvre, Construction, Installation, Maintenance, Certification et Contr\u00f4le...<\/p><\/div>\n\t\t\t\t\t\n                           <\/div>\n\t\t\t\t\t\t<div class=\"title-box\">\n\t\t\t\t<h3 class=\"mb-0 bu-box-title\">CONSTRUCTION<\/h3>\n\t\t\t<\/div>\n\t\t\t        <\/div>\n\t\t        \t\t\n\n        \t\t<\/div>\n\t\t\t\t<\/div>\n\t\t\t\t<div class=\"elementor-element elementor-element-610239d elementor-widget elementor-widget-bauen-hover-box\" data-id=\"610239d\" data-element_type=\"widget\" data-widget_type=\"bauen-hover-box.default\">\n\t\t\t\t<div class=\"elementor-widget-container\">\n\t\t\t\n\t\t\t\t<div class=\"services2 mb-60\">\n            <div class=\"services2-img\"><img decoding=\"async\" src=\"http:\/\/arohgroupe.com\/wp-content\/uploads\/2022\/11\/AdobeStock_309321914-1024x683-1.jpeg\" alt=\"\" class=\"w-100\"><\/div>\n\t\t\t<div class=\"services2-content\">\n                <div class=\"icon\">\n\t\t\t\t\t\t\t\t\t<img decoding=\"async\" src=\"\" alt=\"\"> \n\t\t\t\t\t\n\t\t\t\t<\/div>\n\t\t\t\t                <h3 class=\"services2-title\">FINANCE & JURIDIQUE<\/h3>\n\t\t\t\t\t\t\t\t\t\t\t\t\t <div class=\"services2-text\"><p>Banque, Expertise compable, \u00c9tudes Notariales, Avocats, Service Juridique d'entreprise...<\/p><\/div>\n\t\t\t\t\t\n                           <\/div>\n\t\t\t\t\t\t<div class=\"title-box\">\n\t\t\t\t<h3 class=\"mb-0 bu-box-title\">FINANCE & JURIDIQUE<\/h3>\n\t\t\t<\/div>\n\t\t\t        <\/div>\n\t\t        \t\t\n\n        \t\t<\/div>\n\t\t\t\t<\/div>\n\t\t\t\t\t<\/div>\n\t\t<\/div>\n\t\t\t\t<div class=\"elementor-column elementor-col-33 elementor-inner-column elementor-element elementor-element-e260a39\" data-id=\"e260a39\" data-element_type=\"column\">\n\t\t\t<div class=\"elementor-widget-wrap elementor-element-populated\">\n\t\t\t\t\t\t\t\t<div class=\"elementor-element elementor-element-c52646a elementor-widget elementor-widget-bauen-hover-box\" data-id=\"c52646a\" data-element_type=\"widget\" data-widget_type=\"bauen-hover-box.default\">\n\t\t\t\t<div class=\"elementor-widget-container\">\n\t\t\t\n\t\t\t\t<div class=\"services2 mb-60\">\n            <div class=\"services2-img\"><img decoding=\"async\" src=\"http:\/\/arohgroupe.com\/wp-content\/uploads\/2022\/11\/INBDUSTRIE7-683x1024-1.jpg\" alt=\"\" class=\"w-100\"><\/div>\n\t\t\t<div class=\"services2-content\">\n                <div class=\"icon\">\n\t\t\t\t\t\t\t\t\t<img decoding=\"async\" src=\"\" alt=\"\"> \n\t\t\t\t\t\n\t\t\t\t<\/div>\n\t\t\t\t                <h3 class=\"services2-title\">INDUSTRIE<\/h3>\n\t\t\t\t\t\t\t\t\t\t\t\t\t <div class=\"services2-text\"><p>A\u00e9ronautique, Automobile, Machines sp\u00e9ciales, \u00c9lectronique, Pharmaceutique, Agroalimentaire...<\/p><\/div>\n\t\t\t\t\t\n                           <\/div>\n\t\t\t\t\t\t<div class=\"title-box\">\n\t\t\t\t<h3 class=\"mb-0 bu-box-title\">INDUSTRIE<\/h3>\n\t\t\t<\/div>\n\t\t\t        <\/div>\n\t\t        \t\t\n\n        \t\t<\/div>\n\t\t\t\t<\/div>\n\t\t\t\t<div class=\"elementor-element elementor-element-436e66c elementor-widget elementor-widget-bauen-hover-box\" data-id=\"436e66c\" data-element_type=\"widget\" data-widget_type=\"bauen-hover-box.default\">\n\t\t\t\t<div class=\"elementor-widget-container\">\n\t\t\t\n\t\t\t\t<div class=\"services2 mb-60\">\n            <div class=\"services2-img\"><img decoding=\"async\" src=\"http:\/\/arohgroupe.com\/wp-content\/uploads\/2022\/11\/AdobeStock_338842641-768x1024-1.jpeg\" alt=\"\" class=\"w-100\"><\/div>\n\t\t\t<div class=\"services2-content\">\n                <div class=\"icon\">\n\t\t\t\t\t\t\t\t\t<img decoding=\"async\" src=\"\" alt=\"\"> \n\t\t\t\t\t\n\t\t\t\t<\/div>\n\t\t\t\t                <h3 class=\"services2-title\">NTIC<\/h3>\n\t\t\t\t\t\t\t\t\t\t\t\t\t <div class=\"services2-text\"><p>Web, Infrastructures, R\u00e9seaux, S\u00e9curit\u00e9,\u00a0\u00c9dition de logiciels, T\u00e9l\u00e9communications...<\/p><\/div>\n\t\t\t\t\t\n                           <\/div>\n\t\t\t\t\t\t<div class=\"title-box\">\n\t\t\t\t<h3 class=\"mb-0 bu-box-title\">NTIC<\/h3>\n\t\t\t<\/div>\n\t\t\t        <\/div>\n\t\t        \t\t\n\n        \t\t<\/div>\n\t\t\t\t<\/div>\n\t\t\t\t\t<\/div>\n\t\t<\/div>\n\t\t\t\t<div class=\"elementor-column elementor-col-33 elementor-inner-column elementor-element elementor-element-4bfdef42\" data-id=\"4bfdef42\" data-element_type=\"column\">\n\t\t\t<div class=\"elementor-widget-wrap elementor-element-populated\">\n\t\t\t\t\t\t\t\t<div class=\"elementor-element elementor-element-d3ac9d4 elementor-widget elementor-widget-bauen-hover-box\" data-id=\"d3ac9d4\" data-element_type=\"widget\" data-widget_type=\"bauen-hover-box.default\">\n\t\t\t\t<div class=\"elementor-widget-container\">\n\t\t\t\n\t\t\t\t<div class=\"services2 mb-60\">\n            <div class=\"services2-img\"><img decoding=\"async\" src=\"http:\/\/arohgroupe.com\/wp-content\/uploads\/2022\/11\/AdobeStock_193296558-905x1024-1.jpeg\" alt=\"\" class=\"w-100\"><\/div>\n\t\t\t<div class=\"services2-content\">\n                <div class=\"icon\">\n\t\t\t\t\t\t\t\t\t<img decoding=\"async\" src=\"\" alt=\"\"> \n\t\t\t\t\t\n\t\t\t\t<\/div>\n\t\t\t\t                <h3 class=\"services2-title\">SERVICES<\/h3>\n\t\t\t\t\t\t\t\t\t\t\t\t\t <div class=\"services2-text\"><p>Transport, Logistique, Sant\u00e9, Services aux entreprises, N\u00e9goce, Distribution, Assurances, Audit...<\/p><\/div>\n\t\t\t\t\t\n                           <\/div>\n\t\t\t\t\t\t<div class=\"title-box\">\n\t\t\t\t<h3 class=\"mb-0 bu-box-title\">SERVICES<\/h3>\n\t\t\t<\/div>\n\t\t\t        <\/div>\n\t\t        \t\t\n\n        \t\t<\/div>\n\t\t\t\t<\/div>\n\t\t\t\t\t<\/div>\n\t\t<\/div>\n\t\t\t\t\t\t\t<\/div>\n\t\t<\/div>\n\t\t\t\t\t<\/div>\n\t\t<\/div>\n\t\t\t\t\t\t\t<\/div>\n\t\t<\/section>\n\t\t\t\t<section class=\"elementor-section elementor-top-section elementor-element elementor-element-438b233 elementor-section-boxed elementor-section-height-default elementor-section-height-default\" data-id=\"438b233\" data-element_type=\"section\">\n\t\t\t\t\t\t<div class=\"elementor-container elementor-column-gap-default\">\n\t\t\t\t\t<div class=\"elementor-column elementor-col-100 elementor-top-column elementor-element elementor-element-6e2495a\" data-id=\"6e2495a\" data-element_type=\"column\">\n\t\t\t<div class=\"elementor-widget-wrap elementor-element-populated\">\n\t\t\t\t\t\t\t\t<div class=\"elementor-section elementor-inner-section elementor-element elementor-element-43e49a9 elementor-section-boxed elementor-section-height-default elementor-section-height-default\" data-id=\"43e49a9\" data-element_type=\"section\" data-settings=\"{&quot;background_background&quot;:&quot;slideshow&quot;,&quot;background_slideshow_gallery&quot;:[],&quot;background_slideshow_loop&quot;:&quot;yes&quot;,&quot;background_slideshow_slide_duration&quot;:5000,&quot;background_slideshow_slide_transition&quot;:&quot;fade&quot;,&quot;background_slideshow_transition_duration&quot;:500}\">\n\t\t\t\t\t\t\t<div class=\"elementor-background-overlay\"><\/div>\n\t\t\t\t\t\t\t<div class=\"elementor-container elementor-column-gap-default\">\n\t\t\t\t\t<div class=\"elementor-column elementor-col-100 elementor-inner-column elementor-element elementor-element-d6e193d\" data-id=\"d6e193d\" data-element_type=\"column\">\n\t\t\t<div class=\"elementor-widget-wrap elementor-element-populated\">\n\t\t\t\t\t\t\t\t<div class=\"elementor-element elementor-element-fbc9e8d elementor-widget elementor-widget-bauen-title\" data-id=\"fbc9e8d\" data-element_type=\"widget\" data-widget_type=\"bauen-title.default\">\n\t\t\t\t<div class=\"elementor-widget-container\">\n\t\t\t\t\t\n\t\t\t\n\t\t\t\t\t\t<h2 class=\"section-title text-center\">SEGMENTS D'ENTREPRISE<\/h2>\n\t\t\t\t\n\t\t\t\t\n        \n\t\t\t\n        \t\t<\/div>\n\t\t\t\t<\/div>\n\t\t\t\t<div class=\"elementor-element elementor-element-a0ca7f1 elementor-widget elementor-widget-bauen-title\" data-id=\"a0ca7f1\" data-element_type=\"widget\" data-widget_type=\"bauen-title.default\">\n\t\t\t\t<div class=\"elementor-widget-container\">\n\t\t\t\t\t\n\t\t\t\n\t\t\t\t\t\t<h2 class=\"section-title text-center\">DES CLIENTS VARI\u00e9S<\/h2>\n\t\t\t\t\n\t\t\t\t\n        \n\t\t\t\n        \t\t<\/div>\n\t\t\t\t<\/div>\n\t\t\t\t\t<\/div>\n\t\t<\/div>\n\t\t\t\t\t\t\t<\/div>\n\t\t<\/div>\n\t\t\t\t<div class=\"elementor-section elementor-inner-section elementor-element elementor-element-3bc4a2d elementor-section-boxed elementor-section-height-default elementor-section-height-default\" data-id=\"3bc4a2d\" data-element_type=\"section\">\n\t\t\t\t\t\t<div class=\"elementor-container elementor-column-gap-default\">\n\t\t\t\t\t<div class=\"elementor-column elementor-col-16 elementor-inner-column elementor-element elementor-element-661f86b\" data-id=\"661f86b\" data-element_type=\"column\">\n\t\t\t<div class=\"elementor-widget-wrap\">\n\t\t\t\t\t\t\t\t\t<\/div>\n\t\t<\/div>\n\t\t\t\t<div class=\"elementor-column elementor-col-66 elementor-inner-column elementor-element elementor-element-356bbee\" data-id=\"356bbee\" data-element_type=\"column\">\n\t\t\t<div class=\"elementor-widget-wrap elementor-element-populated\">\n\t\t\t\t\t\t\t\t<div class=\"elementor-element elementor-element-8810cf8 elementor-widget elementor-widget-text-editor\" data-id=\"8810cf8\" data-element_type=\"widget\" data-widget_type=\"text-editor.default\">\n\t\t\t\t<div class=\"elementor-widget-container\">\n\t\t\t<style>\/*! elementor - v3.6.6 - 08-06-2022 *\/\n.elementor-widget-text-editor.elementor-drop-cap-view-stacked .elementor-drop-cap{background-color:#818a91;color:#fff}.elementor-widget-text-editor.elementor-drop-cap-view-framed .elementor-drop-cap{color:#818a91;border:3px solid;background-color:transparent}.elementor-widget-text-editor:not(.elementor-drop-cap-view-default) .elementor-drop-cap{margin-top:8px}.elementor-widget-text-editor:not(.elementor-drop-cap-view-default) .elementor-drop-cap-letter{width:1em;height:1em}.elementor-widget-text-editor .elementor-drop-cap{float:left;text-align:center;line-height:1;font-size:50px}.elementor-widget-text-editor .elementor-drop-cap-letter{display:inline-block}<\/style>\t\t\t\t<p style=\"text-align: center;\"><span style=\"color: #000000;\">Notre organisation nous permet d\u2019intervenir partout en France et \u00e9galement \u00e0 l\u2019\u00e9tranger (principalement en Europe, Afrique et au Moyen-Orient). Nos prestations concernent tous les segments d&#8217;entreprise (PME, ETI, Grandes entreprises).<\/span><\/p>\t\t\t\t\t\t<\/div>\n\t\t\t\t<\/div>\n\t\t\t\t\t<\/div>\n\t\t<\/div>\n\t\t\t\t<div class=\"elementor-column elementor-col-16 elementor-inner-column elementor-element elementor-element-9737089\" data-id=\"9737089\" data-element_type=\"column\">\n\t\t\t<div class=\"elementor-widget-wrap\">\n\t\t\t\t\t\t\t\t\t<\/div>\n\t\t<\/div>\n\t\t\t\t\t\t\t<\/div>\n\t\t<\/div>\n\t\t\t\t<div class=\"elementor-section elementor-inner-section elementor-element elementor-element-90c99fd elementor-section-boxed elementor-section-height-default elementor-section-height-default\" data-id=\"90c99fd\" data-element_type=\"section\">\n\t\t\t\t\t\t<div class=\"elementor-container elementor-column-gap-default\">\n\t\t\t\t\t<div class=\"elementor-column elementor-col-33 elementor-inner-column elementor-element elementor-element-5212150\" data-id=\"5212150\" data-element_type=\"column\">\n\t\t\t<div class=\"elementor-widget-wrap elementor-element-populated\">\n\t\t\t\t\t\t\t\t<div class=\"elementor-element elementor-element-9f7814b elementor-widget elementor-widget-bauen-pricing\" data-id=\"9f7814b\" data-element_type=\"widget\" data-widget_type=\"bauen-pricing.default\">\n\t\t\t\t<div class=\"elementor-widget-container\">\n\t\t\t\t\t\n\t\t\n\t\t\t\t\t\t\n\t\t<div class=\"pricing-card\">\t\t\n\t\t\t<div class=\"priceCard__content\">\n\t\t\t    \t\t\t\t<p class=\"pricing-card-name\">PME<\/p>\n\t\t\t\t\t\t\t\t\t\t\t\t<h3 class=\"pricing-card-amount\">Effectif &lt; 250 personnes<\/h3>\n\t\t\t\t\t\n\t\t\t\t\t\t\t\t<div class=\"pricing-card-bottom\">\n\t\t\t\t    <ul class=\"list-unstyled pricing-card-list\">\n\t\t\t\t\t\t\t\t\t\t\t\t\t\t\t\t\n\t\t\t\t\t\t\t\t\t   \n\t\t\t\t   <\/ul>\n\t\t\t\t<\/div>\n\t\t\t\t\t\t\t\t\t\t\n\t\t    <\/div>\t\t\t\t\t\n\t\t<\/div>\t\t\t\t\t\t\t\t\t\n        \t\t<\/div>\n\t\t\t\t<\/div>\n\t\t\t\t\t<\/div>\n\t\t<\/div>\n\t\t\t\t<div class=\"elementor-column elementor-col-33 elementor-inner-column elementor-element elementor-element-adb3a6c\" data-id=\"adb3a6c\" data-element_type=\"column\">\n\t\t\t<div class=\"elementor-widget-wrap elementor-element-populated\">\n\t\t\t\t\t\t\t\t<div class=\"elementor-element elementor-element-322aac0 elementor-widget elementor-widget-bauen-pricing\" data-id=\"322aac0\" data-element_type=\"widget\" data-widget_type=\"bauen-pricing.default\">\n\t\t\t\t<div class=\"elementor-widget-container\">\n\t\t\t\t\t\n\t\t\n\t\t\t\t\t\t\n\t\t<div class=\"pricing-card\">\t\t\n\t\t\t<div class=\"priceCard__content\">\n\t\t\t    \t\t\t\t<p class=\"pricing-card-name\">ETI<\/p>\n\t\t\t\t\t\t\t\t\t\t\t\t<h3 class=\"pricing-card-amount\">Effectif &lt; 5 000 personnes<\/h3>\n\t\t\t\t\t\n\t\t\t\t\t\t\t\t<div class=\"pricing-card-bottom\">\n\t\t\t\t    <ul class=\"list-unstyled pricing-card-list\">\n\t\t\t\t\t\t\t\t\t\t\t\t\t\t\t\t\n\t\t\t\t\t\t\t\t\t   \n\t\t\t\t   <\/ul>\n\t\t\t\t<\/div>\n\t\t\t\t\t\t\t\t\t\t\n\t\t    <\/div>\t\t\t\t\t\n\t\t<\/div>\t\t\t\t\t\t\t\t\t\n        \t\t<\/div>\n\t\t\t\t<\/div>\n\t\t\t\t\t<\/div>\n\t\t<\/div>\n\t\t\t\t<div class=\"elementor-column elementor-col-33 elementor-inner-column elementor-element elementor-element-b899964\" data-id=\"b899964\" data-element_type=\"column\">\n\t\t\t<div class=\"elementor-widget-wrap elementor-element-populated\">\n\t\t\t\t\t\t\t\t<div class=\"elementor-element elementor-element-44dfd79 elementor-widget elementor-widget-bauen-pricing\" data-id=\"44dfd79\" data-element_type=\"widget\" data-widget_type=\"bauen-pricing.default\">\n\t\t\t\t<div class=\"elementor-widget-container\">\n\t\t\t\t\t\n\t\t\n\t\t\t\t\t\t\n\t\t<div class=\"pricing-card\">\t\t\n\t\t\t<div class=\"priceCard__content\">\n\t\t\t    \t\t\t\t<p class=\"pricing-card-name\">GRANDES ENTREPRISES<\/p>\n\t\t\t\t\t\t\t\t\t\t\t\t<h3 class=\"pricing-card-amount\">Effectif &gt; 5 000 personnes<\/h3>\n\t\t\t\t\t\n\t\t\t\t\t\t\t\t<div class=\"pricing-card-bottom\">\n\t\t\t\t    <ul class=\"list-unstyled pricing-card-list\">\n\t\t\t\t\t\t\t\t\t\t\t\t\t\t\t\t\n\t\t\t\t\t\t\t\t\t   \n\t\t\t\t   <\/ul>\n\t\t\t\t<\/div>\n\t\t\t\t\t\t\t\t\t\t\n\t\t    <\/div>\t\t\t\t\t\n\t\t<\/div>\t\t\t\t\t\t\t\t\t\n        \t\t<\/div>\n\t\t\t\t<\/div>\n\t\t\t\t\t<\/div>\n\t\t<\/div>\n\t\t\t\t\t\t\t<\/div>\n\t\t<\/div>\n\t\t\t\t\t<\/div>\n\t\t<\/div>\n\t\t\t\t\t\t\t<\/div>\n\t\t<\/section>\n\t\t\t\t<section class=\"elementor-section elementor-top-section elementor-element elementor-element-b9eb5e0 elementor-section-height-min-height elementor-section-content-middle elementor-section-boxed elementor-section-height-default elementor-section-items-middle\" data-id=\"b9eb5e0\" data-element_type=\"section\" data-settings=\"{&quot;background_background&quot;:&quot;classic&quot;}\">\n\t\t\t\t\t\t\t<div class=\"elementor-background-overlay\"><\/div>\n\t\t\t\t\t\t\t<div class=\"elementor-container elementor-column-gap-no\">\n\t\t\t\t\t<div class=\"elementor-column elementor-col-50 elementor-top-column elementor-element elementor-element-d91dbf9\" data-id=\"d91dbf9\" data-element_type=\"column\">\n\t\t\t<div class=\"elementor-widget-wrap elementor-element-populated\">\n\t\t\t\t\t\t\t\t<div class=\"elementor-element elementor-element-9274a7e e-transform elementor-widget elementor-widget-bauen-title\" data-id=\"9274a7e\" data-element_type=\"widget\" data-settings=\"{&quot;_transform_skewX_effect&quot;:{&quot;unit&quot;:&quot;px&quot;,&quot;size&quot;:&quot;&quot;,&quot;sizes&quot;:[]},&quot;_transform_skewX_effect_tablet&quot;:{&quot;unit&quot;:&quot;px&quot;,&quot;size&quot;:&quot;&quot;,&quot;sizes&quot;:[]},&quot;_transform_skewX_effect_mobile&quot;:{&quot;unit&quot;:&quot;px&quot;,&quot;size&quot;:&quot;&quot;,&quot;sizes&quot;:[]},&quot;_transform_skewY_effect&quot;:{&quot;unit&quot;:&quot;px&quot;,&quot;size&quot;:&quot;&quot;,&quot;sizes&quot;:[]},&quot;_transform_skewY_effect_tablet&quot;:{&quot;unit&quot;:&quot;px&quot;,&quot;size&quot;:&quot;&quot;,&quot;sizes&quot;:[]},&quot;_transform_skewY_effect_mobile&quot;:{&quot;unit&quot;:&quot;px&quot;,&quot;size&quot;:&quot;&quot;,&quot;sizes&quot;:[]}}\" data-widget_type=\"bauen-title.default\">\n\t\t\t\t<div class=\"elementor-widget-container\">\n\t\t\t\t\t\n\t\t\t\n\t\t\t\t\t\t<h2 class=\"section-title text-left\">Le Groupe \nAROH<\/h2>\n\t\t\t\t\n\t\t\t\t\t\t<p><p><span style=\"color: #ffffff;\">AROH GROUPE accompagne les PME, ETI et Grandes entreprises dans leurs projets de croissance \u00e0 travers deux m\u00e9tiers que sont le Recrutement et le Conseil en Fusion &amp; Acquisition.<\/span><\/p><p style=\"text-align: right;\">\u00a0<\/p><\/p>\n\t\t\t\t\n        \n\t\t\t\n        \t\t<\/div>\n\t\t\t\t<\/div>\n\t\t\t\t\t<\/div>\n\t\t<\/div>\n\t\t\t\t<div class=\"elementor-column elementor-col-50 elementor-top-column elementor-element elementor-element-89cf038\" data-id=\"89cf038\" data-element_type=\"column\">\n\t\t\t<div class=\"elementor-widget-wrap elementor-element-populated\">\n\t\t\t\t\t\t\t\t<div class=\"elementor-element elementor-element-38bce64 elementor-align-center elementor-widget elementor-widget-button\" data-id=\"38bce64\" data-element_type=\"widget\" data-widget_type=\"button.default\">\n\t\t\t\t<div class=\"elementor-widget-container\">\n\t\t\t\t\t<div class=\"elementor-button-wrapper\">\n\t\t\t<a href=\"http:\/\/arohgroupe.com\/?page_id=61\" class=\"elementor-button-link elementor-button elementor-size-xl\" role=\"button\">\n\t\t\t\t\t\t<span class=\"elementor-button-content-wrapper\">\n\t\t\t\t\t\t<span class=\"elementor-button-text\">NOS MARQUES<\/span>\n\t\t<\/span>\n\t\t\t\t\t<\/a>\n\t\t<\/div>\n\t\t\t\t<\/div>\n\t\t\t\t<\/div>\n\t\t\t\t\t<\/div>\n\t\t<\/div>\n\t\t\t\t\t\t\t<\/div>\n\t\t<\/section>\n\t\t\t\t\t\t\t<\/div>\n\t\t","protected":false},"excerpt":{"rendered":"<p>UNE APPROCHE G\u00e9n\u00e9raliste NOS 5 P\u00d4LES D&#8217;EXPERTISE CONSTRUCTION Promotion immobili\u00e8re, Maitrise d&#8217;Oeuvre, Construction, Installation, Maintenance, Certification et Contr\u00f4le&#8230; CONSTRUCTION FINANCE &#038; JURIDIQUE Banque, Expertise compable, \u00c9tudes Notariales, Avocats, Service Juridique d&#8217;entreprise&#8230; FINANCE &#038; JURIDIQUE INDUSTRIE A\u00e9ronautique, Automobile, Machines sp\u00e9ciales, \u00c9lectronique, Pharmaceutique, Agroalimentaire&#8230; INDUSTRIE NTIC Web, Infrastructures, R\u00e9seaux, S\u00e9curit\u00e9,\u00a0\u00c9dition de logiciels, T\u00e9l\u00e9communications&#8230; NTIC SERVICES Transport, Logistique, Sant\u00e9, Services aux entreprises, N\u00e9goce,&#8230;<\/p>\n","protected":false},"author":1,"featured_media":0,"parent":0,"menu_order":0,"comment_status":"closed","ping_status":"closed","template":"","meta":{"_monsterinsights_skip_tracking":false,"_monsterinsights_sitenote_active":false,"_monsterinsights_sitenote_note":"","_monsterinsights_sitenote_category":0,"footnotes":"","_links_to":"","_links_to_target":""},"class_list":["post-1563","page","type-page","status-publish","hentry"],"_links":{"self":[{"href":"https:\/\/arohgroupe.com\/index.php?rest_route=\/wp\/v2\/pages\/1563","targetHints":{"allow":["GET"]}}],"collection":[{"href":"https:\/\/arohgroupe.com\/index.php?rest_route=\/wp\/v2\/pages"}],"about":[{"href":"https:\/\/arohgroupe.com\/index.php?rest_route=\/wp\/v2\/types\/page"}],"author":[{"embeddable":true,"href":"https:\/\/arohgroupe.com\/index.php?rest_route=\/wp\/v2\/users\/1"}],"replies":[{"embeddable":true,"href":"https:\/\/arohgroupe.com\/index.php?rest_route=%2Fwp%2Fv2%2Fcomments&post=1563"}],"version-history":[{"count":192,"href":"https:\/\/arohgroupe.com\/index.php?rest_route=\/wp\/v2\/pages\/1563\/revisions"}],"predecessor-version":[{"id":3449,"href":"https:\/\/arohgroupe.com\/index.php?rest_route=\/wp\/v2\/pages\/1563\/revisions\/3449"}],"wp:attachment":[{"href":"https:\/\/arohgroupe.com\/index.php?rest_route=%2Fwp%2Fv2%2Fmedia&parent=1563"}],"curies":[{"name":"wp","href":"https:\/\/api.w.org\/{rel}","templated":true}]}}